{"id":1421,"date":"2021-07-03T16:12:14","date_gmt":"2021-07-03T16:12:14","guid":{"rendered":"https:\/\/sprintbrand.pl\/?page_id=1421"},"modified":"2022-06-21T10:12:57","modified_gmt":"2022-06-21T10:12:57","slug":"czapki-z-nadrukiem","status":"publish","type":"page","link":"https:\/\/sprintbrand.pl\/index.php\/czapki-z-nadrukiem\/","title":{"rendered":"Czapki z nadrukiem"},"content":{"rendered":"\n<div class=\"wp-block-columns is-layout-flex wp-container-core-columns-is-layout-1 wp-block-columns-is-layout-flex\">\n<div class=\"wp-block-column is-layout-flow wp-block-column-is-layout-flow\" style=\"flex-basis:33.33%\">\n<h1 class=\"wp-block-heading\" id=\"block-5c629b59-f8a9-4c20-90ad-3687ac7ace27\">Czapeczka Sandwich<\/h1>\n<\/div>\n\n\n\n<div class=\"wp-block-column is-layout-flow wp-block-column-is-layout-flow\" style=\"flex-basis:33.33%\">\n<figure class=\"wp-block-image is-resized\" id=\"block-3af4f179-3cef-4e08-9a76-10088de1175b\"><a href=\"https:\/\/sprintbrand.pl\/wp-content\/uploads\/2021\/06\/czapeczka-tzczapk-0003.jpg\"><img loading=\"lazy\" decoding=\"async\" src=\"https:\/\/sprintbrand.pl\/wp-content\/uploads\/2021\/06\/czapeczka-tzczapk-0003.jpg\" alt=\"Obrazek posiada pusty atrybut alt; plik o nazwie czapeczka-tzczapk-0003.jpg\" width=\"200\" height=\"200\"\/><\/a><\/figure>\n<\/div>\n\n\n\n<div class=\"wp-block-column is-layout-flow wp-block-column-is-layout-flow\" style=\"flex-basis:33.33%\">\n<figure class=\"wp-block-image is-resized\" id=\"block-1b34aab2-f4fa-4168-b9b5-efeaef4d7fc0\"><a href=\"https:\/\/sprintbrand.pl\/wp-content\/uploads\/2021\/06\/czapeczka-tzczapk-0003-1.jpg\"><img loading=\"lazy\" decoding=\"async\" src=\"https:\/\/sprintbrand.pl\/wp-content\/uploads\/2021\/06\/czapeczka-tzczapk-0003-1.jpg\" alt=\"Obrazek posiada pusty atrybut alt; plik o nazwie czapeczka-tzczapk-0003-1.jpg\" width=\"200\" height=\"200\"\/><\/a><\/figure>\n<\/div>\n<\/div>\n\n\n\n<figure class=\"wp-block-table\"><table><tbody><tr><td><strong>Waga:<\/strong><\/td><td>75,0g<\/td><\/tr><tr><td><strong>Rozmiar g\u0142owy:<\/strong><\/td><td>15,5cm &#8211; 23,5cm<\/td><\/tr><tr><td><strong>Rozmiar nadruku:<\/strong><\/td><td>80mm x 40mm<\/td><\/tr><tr><td><strong>Tworzywo:<\/strong><\/td><td>100% bawe\u0142na<\/td><\/tr><tr><td><strong>Technologia:<\/strong><\/td><td>Sitodruk<\/td><\/tr><tr><td><strong>Opakowanie:<\/strong><\/td><td>pakiet 10 szt.<\/td><\/tr><\/tbody><\/table><\/figure>\n\n\n\n<div class=\"wp-block-columns is-layout-flex wp-container-core-columns-is-layout-2 wp-block-columns-is-layout-flex\">\n<div class=\"wp-block-column is-layout-flow wp-block-column-is-layout-flow\" style=\"flex-basis:33.33%\">\n<h1 class=\"wp-block-heading\" id=\"block-34d4fec3-d520-4958-a5e6-68d30405cf8a\">Czapeczka Premium<\/h1>\n<\/div>\n\n\n\n<div class=\"wp-block-column is-layout-flow wp-block-column-is-layout-flow\" style=\"flex-basis:33.33%\">\n<figure class=\"wp-block-image is-resized\" id=\"block-728f092c-56d4-437e-96e8-36b9223ce778\"><a href=\"https:\/\/sprintbrand.pl\/wp-content\/uploads\/2021\/06\/czapeczka-tzczapk-0002.jpg\"><img loading=\"lazy\" decoding=\"async\" src=\"https:\/\/sprintbrand.pl\/wp-content\/uploads\/2021\/06\/czapeczka-tzczapk-0002.jpg\" alt=\"Obrazek posiada pusty atrybut alt; plik o nazwie czapeczka-tzczapk-0002.jpg\" width=\"200\" height=\"200\"\/><\/a><\/figure>\n<\/div>\n\n\n\n<div class=\"wp-block-column is-layout-flow wp-block-column-is-layout-flow\" style=\"flex-basis:33.33%\">\n<figure class=\"wp-block-image is-resized\" id=\"block-cceb9a3a-c5b4-4ec8-ad2a-27bcff142979\"><a href=\"https:\/\/sprintbrand.pl\/wp-content\/uploads\/2021\/06\/czapeczka-tzczapk-0002-1.jpg\"><img loading=\"lazy\" decoding=\"async\" src=\"https:\/\/sprintbrand.pl\/wp-content\/uploads\/2021\/06\/czapeczka-tzczapk-0002-1.jpg\" alt=\"Obrazek posiada pusty atrybut alt; plik o nazwie czapeczka-tzczapk-0002-1.jpg\" width=\"200\" height=\"200\"\/><\/a><\/figure>\n<\/div>\n<\/div>\n\n\n\n<figure class=\"wp-block-table\"><table><tbody><tr><td><strong>Waga:<\/strong><\/td><td>75,0g<\/td><\/tr><tr><td><strong>Rozmiar g\u0142owy:<\/strong><\/td><td>15,5cm &#8211; 23,5cm<\/td><\/tr><tr><td><strong>Rozmiar nadruku:<\/strong><\/td><td>80mm x 40mm<\/td><\/tr><tr><td><strong>Tworzywo:<\/strong><\/td><td>100% bawe\u0142na<\/td><\/tr><tr><td><strong>Technologia:<\/strong><\/td><td>Sitodruk<\/td><\/tr><tr><td><strong>Opakowanie:<\/strong><\/td><td>pakiet 10 szt.<\/td><\/tr><\/tbody><\/table><\/figure>\n\n\n\n<div class=\"wp-block-columns is-layout-flex wp-container-core-columns-is-layout-3 wp-block-columns-is-layout-flex\">\n<div class=\"wp-block-column is-layout-flow wp-block-column-is-layout-flow\" style=\"flex-basis:33.33%\">\n<h1 class=\"has-large-font-size wp-block-heading\" id=\"block-9a7b10fc-cf6a-41ad-8734-08116d0ca8ec\">Czapeczka Dzieci\u0119ca z nadrukiem<\/h1>\n<\/div>\n\n\n\n<div class=\"wp-block-column is-layout-flow wp-block-column-is-layout-flow\" style=\"flex-basis:33.33%\">\n<figure class=\"wp-block-image is-resized\" id=\"block-3dc20e37-4455-4863-a672-8e700b4f271b\"><a href=\"https:\/\/sprintbrand.pl\/wp-content\/uploads\/2021\/06\/czapeczka-tzczapk-0004.jpg\"><img loading=\"lazy\" decoding=\"async\" src=\"https:\/\/sprintbrand.pl\/wp-content\/uploads\/2021\/06\/czapeczka-tzczapk-0004.jpg\" alt=\"Obrazek posiada pusty atrybut alt; plik o nazwie czapeczka-tzczapk-0004.jpg\" width=\"200\" height=\"200\"\/><\/a><\/figure>\n<\/div>\n\n\n\n<div class=\"wp-block-column is-layout-flow wp-block-column-is-layout-flow\" style=\"flex-basis:33.33%\">\n<figure class=\"wp-block-image is-resized\" id=\"block-c5d36dbe-eaca-4d30-aaa4-5da282665e4b\"><a href=\"https:\/\/sprintbrand.pl\/wp-content\/uploads\/2021\/06\/czapeczka-tzczapk-0004-1.jpg\"><img loading=\"lazy\" decoding=\"async\" src=\"https:\/\/sprintbrand.pl\/wp-content\/uploads\/2021\/06\/czapeczka-tzczapk-0004-1.jpg\" alt=\"Obrazek posiada pusty atrybut alt; plik o nazwie czapeczka-tzczapk-0004-1.jpg\" width=\"200\" height=\"200\"\/><\/a><\/figure>\n<\/div>\n<\/div>\n\n\n\n<figure class=\"wp-block-table\"><table><tbody><tr><td><strong>Waga:<\/strong><\/td><td>75,0g<\/td><\/tr><tr><td><strong>Rozmiar g\u0142owy:<\/strong><\/td><td>15,5cm &#8211; 23,5cm<\/td><\/tr><tr><td><strong>Rozmiar nadruku:<\/strong><\/td><td>120mm x 60mm<\/td><\/tr><tr><td><strong>Tworzywo:<\/strong><\/td><td>100% bawe\u0142na<\/td><\/tr><tr><td><strong>Technologia:<\/strong><\/td><td>Sitodruk<\/td><\/tr><tr><td><strong>Opakowanie:<\/strong><\/td><td>pakiet 10 szt.<\/td><\/tr><\/tbody><\/table><\/figure>\n\n\n\n<div class=\"wp-block-columns is-layout-flex wp-container-core-columns-is-layout-4 wp-block-columns-is-layout-flex\">\n<div class=\"wp-block-column is-layout-flow wp-block-column-is-layout-flow\" style=\"flex-basis:25%\">\n<h1 class=\"has-large-font-size wp-block-heading\" id=\"block-9e78b6be-b0b3-4e8a-88d3-de1ac8bbda3f\">Czapeczka Trucker z nadrukiem DTG<\/h1>\n<\/div>\n\n\n\n<div class=\"wp-block-column is-layout-flow wp-block-column-is-layout-flow\" style=\"flex-basis:25%\">\n<figure class=\"wp-block-image is-resized\" id=\"block-77e47e1f-ff04-4e19-8d59-0e847b2dcc6a\"><a href=\"https:\/\/sprintbrand.pl\/wp-content\/uploads\/2021\/06\/czapeczka-pa-0006-dtg.jpg\"><img loading=\"lazy\" decoding=\"async\" src=\"https:\/\/sprintbrand.pl\/wp-content\/uploads\/2021\/06\/czapeczka-pa-0006-dtg.jpg\" alt=\"Obrazek posiada pusty atrybut alt; plik o nazwie czapeczka-pa-0006-dtg.jpg\" width=\"200\" height=\"200\"\/><\/a><\/figure>\n<\/div>\n\n\n\n<div class=\"wp-block-column is-layout-flow wp-block-column-is-layout-flow\" style=\"flex-basis:25%\">\n<figure class=\"wp-block-image is-resized\" id=\"block-e18395a3-f8aa-49be-8a0d-afe7b72d8fd8\"><a href=\"https:\/\/sprintbrand.pl\/wp-content\/uploads\/2021\/06\/czapeczka-pa-0006-dtg-1.jpg\"><img loading=\"lazy\" decoding=\"async\" src=\"https:\/\/sprintbrand.pl\/wp-content\/uploads\/2021\/06\/czapeczka-pa-0006-dtg-1.jpg\" alt=\"Obrazek posiada pusty atrybut alt; plik o nazwie czapeczka-pa-0006-dtg-1.jpg\" width=\"200\" height=\"200\"\/><\/a><\/figure>\n<\/div>\n\n\n\n<div class=\"wp-block-column is-layout-flow wp-block-column-is-layout-flow\" style=\"flex-basis:25%\">\n<figure class=\"wp-block-image is-resized\" id=\"block-e6b952af-f428-4981-b125-34624f55c32f\"><a href=\"https:\/\/sprintbrand.pl\/wp-content\/uploads\/2021\/06\/czapeczka-pa-0006-dtg-2.jpg\"><img loading=\"lazy\" decoding=\"async\" src=\"https:\/\/sprintbrand.pl\/wp-content\/uploads\/2021\/06\/czapeczka-pa-0006-dtg-2.jpg\" alt=\"Obrazek posiada pusty atrybut alt; plik o nazwie czapeczka-pa-0006-dtg-2.jpg\" width=\"200\" height=\"200\"\/><\/a><\/figure>\n<\/div>\n<\/div>\n\n\n\n<figure class=\"wp-block-table\"><table><tbody><tr><td><strong>Waga:<\/strong><\/td><td>75,0g<\/td><\/tr><tr><td><strong>Rozmiar g\u0142owy:<\/strong><\/td><td>Zapi\u0119cie plastikowe, obw\u00f3d 58cm<\/td><\/tr><tr><td><strong>Rozmiar nadruku:<\/strong><\/td><td>100mm x 50mm<\/td><\/tr><tr><td><strong>Tworzywo:<\/strong><\/td><td>100%&nbsp;poliester<\/td><\/tr><tr><td><strong>Technologia:<\/strong><\/td><td>nadruk DTG<\/td><\/tr><tr><td><strong>Opakowanie:<\/strong><\/td><td>pakiet 5 szt.<\/td><\/tr><\/tbody><\/table><\/figure>\n\n\n\n<div class=\"wp-block-columns is-layout-flex wp-container-core-columns-is-layout-5 wp-block-columns-is-layout-flex\">\n<div class=\"wp-block-column is-layout-flow wp-block-column-is-layout-flow\" style=\"flex-basis:33.33%\">\n<h1 class=\"has-large-font-size wp-block-heading\" id=\"block-5c746986-3ac4-48ba-a02d-397672b01b3a\">Czapeczka Trucker z nadrukiem<\/h1>\n<\/div>\n\n\n\n<div class=\"wp-block-column is-layout-flow wp-block-column-is-layout-flow\" style=\"flex-basis:33.33%\">\n<figure class=\"wp-block-image is-resized\" id=\"block-1bbd7d77-64e9-473a-982b-b2e4dc0c62b2\"><a href=\"https:\/\/sprintbrand.pl\/wp-content\/uploads\/2021\/06\/czapeczka-pa-0006.jpg\"><img loading=\"lazy\" decoding=\"async\" src=\"https:\/\/sprintbrand.pl\/wp-content\/uploads\/2021\/06\/czapeczka-pa-0006.jpg\" alt=\"Obrazek posiada pusty atrybut alt; plik o nazwie czapeczka-pa-0006.jpg\" width=\"200\" height=\"200\"\/><\/a><\/figure>\n<\/div>\n\n\n\n<div class=\"wp-block-column is-layout-flow wp-block-column-is-layout-flow\" style=\"flex-basis:33.33%\">\n<figure class=\"wp-block-image is-resized\" id=\"block-6ab37e2e-939d-44d3-acc0-eee0a2e6f88b\"><a href=\"https:\/\/sprintbrand.pl\/wp-content\/uploads\/2021\/06\/czapeczka-pa-0006-1.jpg\"><img loading=\"lazy\" decoding=\"async\" src=\"https:\/\/sprintbrand.pl\/wp-content\/uploads\/2021\/06\/czapeczka-pa-0006-1.jpg\" alt=\"Obrazek posiada pusty atrybut alt; plik o nazwie czapeczka-pa-0006-1.jpg\" width=\"200\" height=\"200\"\/><\/a><\/figure>\n<\/div>\n<\/div>\n\n\n\n<figure class=\"wp-block-table\"><table><tbody><tr><td><strong>Waga:<\/strong><\/td><td>75,0g<\/td><\/tr><tr><td><strong>Rozmiar g\u0142owy:<\/strong><\/td><td>Zapi\u0119cie plastikowe, obw\u00f3d 58cm<\/td><\/tr><tr><td><strong>Rozmiar nadruku:<\/strong><\/td><td>100mm x 50mm<\/td><\/tr><tr><td><strong>Tworzywo:<\/strong><\/td><td>100%&nbsp;poliester<\/td><\/tr><tr><td><strong>Technologia:<\/strong><\/td><td>Sitodruk<\/td><\/tr><tr><td><strong>Opakowanie:<\/strong><\/td><td>pakiet 30 szt.<\/td><\/tr><\/tbody><\/table><\/figure>\n\n\n\n<div class=\"wp-block-columns is-layout-flex wp-container-core-columns-is-layout-6 wp-block-columns-is-layout-flex\">\n<div class=\"wp-block-column is-layout-flow wp-block-column-is-layout-flow\" style=\"flex-basis:33.33%\">\n<h1 class=\"has-large-font-size wp-block-heading\" id=\"block-11bd2ed5-ef3d-421c-ae18-7f149106c887\">Czapeczka Baseball z nadrukiem DTG<\/h1>\n<\/div>\n\n\n\n<div class=\"wp-block-column is-layout-flow wp-block-column-is-layout-flow\" style=\"flex-basis:33.33%\">\n<figure class=\"wp-block-image is-resized\" id=\"block-7c81ef04-4147-4a58-a50f-0d38c3a07311\"><a href=\"https:\/\/sprintbrand.pl\/wp-content\/uploads\/2021\/06\/czapeczka-pa-0006-dtg-3.jpg\"><img loading=\"lazy\" decoding=\"async\" src=\"https:\/\/sprintbrand.pl\/wp-content\/uploads\/2021\/06\/czapeczka-pa-0006-dtg-3.jpg\" alt=\"Obrazek posiada pusty atrybut alt; plik o nazwie czapeczka-pa-0006-dtg-3.jpg\" width=\"200\" height=\"200\"\/><\/a><\/figure>\n<\/div>\n\n\n\n<div class=\"wp-block-column is-layout-flow wp-block-column-is-layout-flow\" style=\"flex-basis:33.33%\">\n<figure class=\"wp-block-image is-resized\" id=\"block-049dd040-0cf8-4cc4-997d-54f70d7f39c5\"><a href=\"https:\/\/sprintbrand.pl\/wp-content\/uploads\/2021\/06\/czapeczka-pa-0006-dtg-4.jpg\"><img loading=\"lazy\" decoding=\"async\" src=\"https:\/\/sprintbrand.pl\/wp-content\/uploads\/2021\/06\/czapeczka-pa-0006-dtg-4.jpg\" alt=\"Obrazek posiada pusty atrybut alt; plik o nazwie czapeczka-pa-0006-dtg-4.jpg\" width=\"200\" height=\"200\"\/><\/a><\/figure>\n<\/div>\n<\/div>\n\n\n\n<figure class=\"wp-block-table\"><table><tbody><tr><td><strong>Waga:<\/strong><\/td><td>75,0g<\/td><\/tr><tr><td><strong>Rozmiar g\u0142owy:<\/strong><\/td><td>Zapi\u0119cie na rzep, obw\u00f3d 58cm<\/td><\/tr><tr><td><strong>Rozmiar nadruku:<\/strong><\/td><td>80mm x 40mm<\/td><\/tr><tr><td><strong>Tworzywo:<\/strong><\/td><td>Bawe\u0142na twillowa 100% Bawe\u0142na, 175 g\/m2<\/td><\/tr><tr><td><strong>Technologia:<\/strong><\/td><td>druk pe\u0142nokolorowy DTG<\/td><\/tr><tr><td><strong>Dodatkowe informacje:<\/strong><\/td><td>P\u0142aski daszek. Haftowane oczka dla lepszej wentylacji.<\/td><\/tr><tr><td><strong>Opakowanie:<\/strong><\/td><td>pakiet 5 szt.<\/td><\/tr><\/tbody><\/table><\/figure>\n\n\n\n<div class=\"wp-block-columns is-layout-flex wp-container-core-columns-is-layout-7 wp-block-columns-is-layout-flex\">\n<div class=\"wp-block-column is-layout-flow wp-block-column-is-layout-flow\" style=\"flex-basis:33.33%\">\n<h1 class=\"has-large-font-size wp-block-heading\" id=\"block-2757810d-2e60-4290-8394-cbfc1786ff0a\">Czapeczka Baseball z nadrukiem<\/h1>\n<\/div>\n\n\n\n<div class=\"wp-block-column is-layout-flow wp-block-column-is-layout-flow\" style=\"flex-basis:33.33%\">\n<figure class=\"wp-block-image is-resized\" id=\"block-2e6fecd1-5d2f-41e3-973c-998fc5108ba7\"><a href=\"https:\/\/sprintbrand.pl\/wp-content\/uploads\/2021\/06\/czapeczka-pa-0006-dtg-7.jpg\"><img loading=\"lazy\" decoding=\"async\" src=\"https:\/\/sprintbrand.pl\/wp-content\/uploads\/2021\/06\/czapeczka-pa-0006-dtg-7.jpg\" alt=\"Obrazek posiada pusty atrybut alt; plik o nazwie czapeczka-pa-0006-dtg-7.jpg\" width=\"200\" height=\"200\"\/><\/a><\/figure>\n<\/div>\n\n\n\n<div class=\"wp-block-column is-layout-flow wp-block-column-is-layout-flow\" style=\"flex-basis:33.33%\">\n<figure class=\"wp-block-image is-resized\" id=\"block-f45fa590-bcd9-44af-af41-afc46269d70f\"><a href=\"https:\/\/sprintbrand.pl\/wp-content\/uploads\/2021\/06\/czapeczka-pa-0006-dtg-6.jpg\"><img loading=\"lazy\" decoding=\"async\" src=\"https:\/\/sprintbrand.pl\/wp-content\/uploads\/2021\/06\/czapeczka-pa-0006-dtg-6.jpg\" alt=\"Obrazek posiada pusty atrybut alt; plik o nazwie czapeczka-pa-0006-dtg-6.jpg\" width=\"200\" height=\"200\"\/><\/a><\/figure>\n<\/div>\n<\/div>\n\n\n\n<figure class=\"wp-block-table\"><table><tbody><tr><td><strong>Waga:<\/strong><\/td><td>75,0g<\/td><\/tr><tr><td><strong>Rozmiar g\u0142owy:<\/strong><\/td><td>Zapi\u0119cie na rzep, obw\u00f3d 58cm<\/td><\/tr><tr><td><strong>Rozmiar nadruku:<\/strong><\/td><td>80mm x 40mm<\/td><\/tr><tr><td><strong>Tworzywo:<\/strong><\/td><td>Bawe\u0142na twillowa 100% Bawe\u0142na, 175 g\/m2<\/td><\/tr><tr><td><strong>Technologia:<\/strong><\/td><td>sitodruk<\/td><\/tr><tr><td><strong>Dodatkowe informacje:<\/strong><\/td><td>P\u0142aski daszek. Haftowane oczka dla lepszej wentylacji.<\/td><\/tr><tr><td><strong>Opakowanie:<\/strong><\/td><td>pakiet 30 szt.<\/td><\/tr><\/tbody><\/table><\/figure>\n","protected":false},"excerpt":{"rendered":"<p>Czapeczka Sandwich Waga: 75,0g Rozmiar g\u0142owy: 15,5cm &#8211; 23,5cm Rozmiar nadruku: 80mm x 40mm Tworzywo: 100% bawe\u0142na Technologia: Sitodruk Opakowanie: pakiet 10 szt. Czapeczka Premium Waga: 75,0g Rozmiar g\u0142owy: 15,5cm &#8211; 23,5cm Rozmiar nadruku: 80mm x 40mm Tworzywo: 100% bawe\u0142na Technologia: Sitodruk Opakowanie: pakiet 10 szt. Czapeczka Dzieci\u0119ca z nadrukiem Waga: 75,0g Rozmiar g\u0142owy: 15,5cm &hellip; <\/p>\n<p class=\"link-more\"><a href=\"https:\/\/sprintbrand.pl\/index.php\/czapki-z-nadrukiem\/\" class=\"more-link\">Czytaj dalej<span class=\"screen-reader-text\"> \u201eCzapki z nadrukiem\u201d<\/span><\/a><\/p>\n","protected":false},"author":1,"featured_media":0,"parent":0,"menu_order":0,"comment_status":"closed","ping_status":"closed","template":"","meta":{"footnotes":""},"class_list":["post-1421","page","type-page","status-publish","hentry"],"_links":{"self":[{"href":"https:\/\/sprintbrand.pl\/index.php\/wp-json\/wp\/v2\/pages\/1421","targetHints":{"allow":["GET"]}}],"collection":[{"href":"https:\/\/sprintbrand.pl\/index.php\/wp-json\/wp\/v2\/pages"}],"about":[{"href":"https:\/\/sprintbrand.pl\/index.php\/wp-json\/wp\/v2\/types\/page"}],"author":[{"embeddable":true,"href":"https:\/\/sprintbrand.pl\/index.php\/wp-json\/wp\/v2\/users\/1"}],"replies":[{"embeddable":true,"href":"https:\/\/sprintbrand.pl\/index.php\/wp-json\/wp\/v2\/comments?post=1421"}],"version-history":[{"count":2,"href":"https:\/\/sprintbrand.pl\/index.php\/wp-json\/wp\/v2\/pages\/1421\/revisions"}],"predecessor-version":[{"id":1722,"href":"https:\/\/sprintbrand.pl\/index.php\/wp-json\/wp\/v2\/pages\/1421\/revisions\/1722"}],"wp:attachment":[{"href":"https:\/\/sprintbrand.pl\/index.php\/wp-json\/wp\/v2\/media?parent=1421"}],"curies":[{"name":"wp","href":"https:\/\/api.w.org\/{rel}","templated":true}]}}