{"id":48,"date":"2021-06-25T20:12:37","date_gmt":"2021-06-25T20:12:37","guid":{"rendered":"https:\/\/sprintbrand.pl\/?page_id=48"},"modified":"2024-12-01T07:27:33","modified_gmt":"2024-12-01T07:27:33","slug":"polityka-prywatnosci","status":"publish","type":"page","link":"https:\/\/sprintbrand.pl\/index.php\/polityka-prywatnosci\/","title":{"rendered":"Polityka prywatno\u015bci"},"content":{"rendered":"\n<ol style=\"font-size:10px\" class=\"wp-block-list\">\n<li><strong>Informacje og\u00f3lne.<br><\/strong>* Operatorem serwisu www.sprintbrand.pl jest PBZ INVESTMENT SP\u00d3\u0141KA Z OGRANICZON\u0104 ODPOWIEDZIALNO\u015aCI\u0104 prowadz\u0105ca dzia\u0142alno\u015b\u0107 pod nazw\u0105 PBZ INVESTMENT SP\u00d3\u0141KA Z OGRANICZON\u0104 ODPOWIEDZIALNO\u015aCI\u0104 adres ul. GRZYBOWSKA 87, 00-844 WARSZAWA, MAZOWIECKIE, REGON: 388669998, NIP: 5272955075.<br>* Serwis realizuje funkcje pozyskiwania informacji o u\u017cytkownikach i ich zachowaniu w nast\u0119puj\u0105cy spos\u00f3b: poprzez zapisywanie w urz\u0105dzeniach ko\u0144cowych pliki cookie (tzw. \u201eciasteczka\u201d) oraz poprzez dobrowolnie wprowadzone w formularzach informacje.<\/li>\n<\/ol>\n\n\n\n<ol start=\"2\" style=\"font-size:10px\" class=\"wp-block-list\">\n<li><strong>Informacje w formularzach.<br><\/strong>* Serwis zbiera informacje podane dobrowolnie przez u\u017cytkownika,<br>* Serwis mo\u017ce zapisa\u0107 ponadto informacje o parametrach po\u0142\u0105czenia (oznaczenie czasu, adres IP)<br>* Dane w formularzu nie s\u0105 udost\u0119pniane podmiotom trzecim inaczej, ni\u017c za zgod\u0105 u\u017cytkownika.<br>* Dane podane w formularzu mog\u0105 stanowi\u0107 zbi\u00f3r potencjalnych klient\u00f3w, zarejestrowany przez Operatora Serwisu w rejestrze prowadzonym przez Generalnego Inspektora Ochrony Danych Osobowych.<br>* Dane podane w formularzu s\u0105 przetwarzane w celu wynikaj\u0105cym z funkcji konkretnego formularza, np w celu dokonania procesu obs\u0142ugi zg\u0142oszenia serwisowego lub kontaktu handlowego.<br>* Dane podane w formularzach mog\u0105 by\u0107 przekazane podmiotom technicznie realizuj\u0105cym niekt\u00f3re us\u0142ugi \u2013 w szczeg\u00f3lno\u015bci dotyczy to przekazywania informacji o posiadaczu rejestrowanej domeny do podmiot\u00f3w b\u0119d\u0105cych operatorami domen internetowych (przede wszystkim Naukowa i Akademicka Sie\u0107 Komputerowa j.b.r \u2013 NASK), serwis\u00f3w obs\u0142uguj\u0105cych p\u0142atno\u015bci lub te\u017c innych podmiot\u00f3w, z kt\u00f3rymi Operator Serwisu w tym zakresie wsp\u00f3\u0142pracuje.<\/li>\n\n\n\n<li><strong>Informacja o plikach cookies.<br><\/strong>* Serwis korzysta z plik\u00f3w cookies.<br>* Pliki cookies (tzw. \u201eciasteczka\u201d) stanowi\u0105 dane informatyczne, w szczeg\u00f3lno\u015bci pliki tekstowe, kt\u00f3re przechowywane s\u0105 w urz\u0105dzeniu ko\u0144cowym U\u017cytkownika Serwisu i przeznaczone s\u0105 do korzystania ze stron internetowych Serwisu. Cookies zazwyczaj zawieraj\u0105 nazw\u0119 strony internetowej, z kt\u00f3rej pochodz\u0105, czas przechowywania ich na urz\u0105dzeniu ko\u0144cowym oraz unikalny numer.<br>* Podmiotem zamieszczaj\u0105cym na urz\u0105dzeniu ko\u0144cowym U\u017cytkownika Serwisu pliki cookies oraz uzyskuj\u0105cym do nich dost\u0119p jest operator Serwisu.<br>* Pliki cookies wykorzystywane s\u0105 w nast\u0119puj\u0105cych celach:<br>     A. tworzenia statystyk, kt\u00f3re pomagaj\u0105 zrozumie\u0107, w jaki spos\u00f3b U\u017cytkownicy Serwisu korzystaj\u0105 ze stron internetowych, co umo\u017cliwia ulepszanie ich struktury i zawarto\u015bci;<br>     B. utrzymanie sesji U\u017cytkownika Serwisu (po zalogowaniu), dzi\u0119ki kt\u00f3rej U\u017cytkownik nie musi na ka\u017cdej podstronie Serwisu ponownie wpisywa\u0107 loginu i has\u0142a;<br>     C. okre\u015blania profilu u\u017cytkownika w celu wy\u015bwietlania mu dopasowanych materia\u0142\u00f3w w sieciach reklamowych, w szczeg\u00f3lno\u015bci sieci Google.<br>* W ramach Serwisu stosowane s\u0105 dwa zasadnicze rodzaje plik\u00f3w cookies: \u201esesyjne\u201d (session cookies) oraz \u201esta\u0142e\u201d (persistent cookies). Cookies \u201esesyjne\u201d s\u0105 plikami tymczasowymi, kt\u00f3re przechowywane s\u0105 w urz\u0105dzeniu ko\u0144cowym U\u017cytkownika do czasu wylogowania, opuszczenia strony internetowej lub wy\u0142\u0105czenia oprogramowania (przegl\u0105darki internetowej). \u201eSta\u0142e\u201d pliki cookies przechowywane s\u0105 w urz\u0105dzeniu ko\u0144cowym U\u017cytkownika przez czas okre\u015blony w parametrach plik\u00f3w cookies lub do czasu ich usuni\u0119cia przez U\u017cytkownika.<br>* Oprogramowanie do przegl\u0105dania stron internetowych (przegl\u0105darka internetowa) zazwyczaj domy\u015blnie dopuszcza przechowywanie plik\u00f3w cookies w urz\u0105dzeniu ko\u0144cowym U\u017cytkownika. U\u017cytkownicy Serwisu mog\u0105 dokona\u0107 zmiany ustawie\u0144 w tym zakresie. Przegl\u0105darka internetowa umo\u017cliwia usuni\u0119cie plik\u00f3w cookies. Mo\u017cliwe jest tak\u017ce automatyczne blokowanie plik\u00f3w cookies. Szczeg\u00f3\u0142owe informacje na ten temat zawiera pomoc lub dokumentacja przegl\u0105darki internetowej.<br>* Ograniczenia stosowania plik\u00f3w cookies mog\u0105 wp\u0142yn\u0105\u0107 na niekt\u00f3re funkcjonalno\u015bci dost\u0119pne na stronach internetowych Serwisu.<br>* Pliki cookies zamieszczane w urz\u0105dzeniu ko\u0144cowym U\u017cytkownika Serwisu i wykorzystywane mog\u0105 by\u0107 r\u00f3wnie\u017c przez wsp\u00f3\u0142pracuj\u0105cych z operatorem Serwisu reklamodawc\u00f3w oraz partner\u00f3w.<br>* Zalecamy przeczytanie polityki ochrony prywatno\u015bci tych firm, aby pozna\u0107 zasady korzystania z plik\u00f3w cookie wykorzystywane w statystykach: Polityka ochrony prywatno\u015bci Google Analytics.<br>* Pliki cookies mog\u0105 by\u0107 wykorzystane przez sieci reklamowe, w szczeg\u00f3lno\u015bci sie\u0107 Google, do wy\u015bwietlenia reklam dopasowanych do sposobu, w jaki u\u017cytkownik korzysta z Serwisu. W tym celu mog\u0105 zachowa\u0107 informacj\u0119 o \u015bcie\u017cce nawigacji u\u017cytkownika lub czasie pozostawania na danej stronie.<br>* W zakresie informacji o preferencjach u\u017cytkownika gromadzonych przez sie\u0107 Google u\u017cytkownik mo\u017ce przegl\u0105da\u0107 i edytowa\u0107 informacje wynikaj\u0105ce z plik\u00f3w cookies przy pomocy narz\u0119dzia: https:\/\/www.google.com\/ads\/preferences\/<\/li>\n\n\n\n<li><strong>Logi serwera.<br><\/strong>* Informacje o niekt\u00f3rych zachowaniach u\u017cytkownik\u00f3w podlegaj\u0105 logowaniu w warstwie serwerowej. Dane te s\u0105 wykorzystywane wy\u0142\u0105cznie w celu administrowania serwisem oraz w celu zapewnienia jak najbardziej sprawnej obs\u0142ugi \u015bwiadczonych us\u0142ug hostingowych.<br>* Przegl\u0105dane zasoby identyfikowane s\u0105 poprzez adresy URL. Ponadto zapisowi mog\u0105 podlega\u0107:<br>     A. czas nadej\u015bcia zapytania,<br>     B. czas wys\u0142ania odpowiedzi,<br>     C. nazw\u0119 stacji klienta \u2013 identyfikacja realizowana przez protok\u00f3\u0142 HTTP,<br>     D. informacje o b\u0142\u0119dach jakie nast\u0105pi\u0142y przy realizacji transakcji HTTP,<br>     E. adres URL strony poprzednio odwiedzanej przez u\u017cytkownika (referer link) \u2013 w przypadku gdy przej\u015bcie do Serwisu nast\u0105pi\u0142o przez odno\u015bnik,<br>     F. informacje o przegl\u0105darce u\u017cytkownika,<br>     G. Informacje o adresie IP.<br>* Dane powy\u017csze nie s\u0105 kojarzone z konkretnymi osobami przegl\u0105daj\u0105cymi strony.<br>* Dane powy\u017csze s\u0105 wykorzystywane jedynie dla cel\u00f3w administrowania serwerem.<\/li>\n\n\n\n<li><strong>Udost\u0119pnienie danych.<br><\/strong>* Dane podlegaj\u0105 udost\u0119pnieniu podmiotom zewn\u0119trznym wy\u0142\u0105cznie w granicach prawnie dozwolonych.<br>* Dane umo\u017cliwiaj\u0105ce identyfikacj\u0119 osoby fizycznej s\u0105 udost\u0119pniane wy\u0142\u0105czenie za zgod\u0105 tej osoby.<br>* Operator mo\u017ce mie\u0107 obowi\u0105zek udzielania informacji zebranych przez Serwis upowa\u017cnionym organom na podstawie zgodnych z prawem \u017c\u0105da\u0144 w zakresie wynikaj\u0105cym z \u017c\u0105dania.<\/li>\n\n\n\n<li><strong>Zarz\u0105dzanie plikami cookies \u2013 jak w praktyce wyra\u017ca\u0107 i cofa\u0107 zgod\u0119?<br><\/strong>* Je\u015bli u\u017cytkownik nie chce otrzymywa\u0107 plik\u00f3w cookies, mo\u017ce zmieni\u0107 ustawienia przegl\u0105darki. Zastrzegamy, \u017ce wy\u0142\u0105czenie obs\u0142ugi plik\u00f3w cookies niezb\u0119dnych dla proces\u00f3w uwierzytelniania, bezpiecze\u0144stwa, utrzymania preferencji u\u017cytkownika mo\u017ce utrudni\u0107, a w skrajnych przypadkach mo\u017ce uniemo\u017cliwi\u0107 korzystanie ze stron www.<br>* W celu zarz\u0105dzania ustawieniami cookies wybierz z listy poni\u017cej przegl\u0105dark\u0119 internetow\u0105\/ system i post\u0119puj zgodnie z instrukcjami:<\/li>\n<\/ol>\n\n\n\n<p style=\"font-size:10px\">A. Internet Explorer<br>B. Chrome<br>C. Safari<br>D. Firefox<br>E. Opera<br>F. Android<br>G. Safari (iOS)<br>H. Windows Phone<br>I. Blackberry<\/p>\n\n\n\n<ol start=\"7\" style=\"font-size:10px\" class=\"wp-block-list\">\n<li><strong>Obowi\u0105zek informacyjny RODO<br><\/strong>INFORMACJA przekazywana w wykonaniu obowi\u0105zk\u00f3w przewidzianych w Rozporz\u0105dzeniu Parlamentu Europejskiego i Rady (UE) 2016\/679 z dnia 27 kwietnia 2016 r. w sprawie ochrony os\u00f3b fizycznych w zwi\u0105zku z przetwarzaniem danych osobowych i w sprawie swobodnego przep\u0142ywu takich danych oraz uchylenia dyrektywy 95\/46\/WE (dalej jako RODO)<br>Informacje dotycz\u0105ce przetwarzania Twoich danych:<br><br>To\u017csamo\u015b\u0107 administratora<br>Administratorem danych jest: PBZ INVESTMENT Sp\u00f3\u0142ka z ograniczon\u0105 odpowiedzialno\u015bci\u0105 z siedzib\u0105 w Warszawie, ul. Grzybowska 87, 00 \u2013 844 Warszawa, KRS: 0000893478, NIP: 5272955075, REGON: 388669998 (dalej: ADO)<br><br>Dane kontaktowe administratora:<br>Z ADO mo\u017cna si\u0119 skontaktowa\u0107 poprzez adres e-mail: biuro@pbzinvestment.pl lub pisemnie, kieruj\u0105c pismo za po\u015brednictwem poczty tradycyjnej bezpo\u015brednio na adres siedziby ADO.<br>Dane kontaktowe inspektora ochrony danych osobowych:<br>ADO wyznaczy\u0142 inspektora ochrony danych, z kt\u00f3rym mo\u017cna skontaktowa\u0107 si\u0119 pod adresem: iod@pbzinvestment.pl.<br><br>Cele przetwarzania i podstawa prawna przetwarzania:<br>Pani \/ Pana dane b\u0119d\u0105 przetwarzane w celu okre\u015blonym w art. 6 ust. 1 pkt a, b, pkt c i pkt f RODO, w szczeg\u00f3lno\u015bci do:<br>\u2022 zawarcia umowy i jej realizacji, w tym weryfikowania to\u017csamo\u015bci oraz spe\u0142nienia przes\u0142anek warunkuj\u0105cych mo\u017cliwo\u015b\u0107 zawarcia umowy;<br>\u2022 zapewnienia mo\u017cliwo\u015bci \u015bwiadczenia us\u0142ug, a tak\u017ce ich rozwijania i podnoszenia ich jako\u015bci;<br>\u2022 poprawy bezpiecze\u0144stwa i ochrony naszych u\u017cytkownik\u00f3w;<br>\u2022 cel\u00f3w podatkowych, finansowych, prawnych i innych cel\u00f3w administracyjnych, w tym aby umo\u017cliwi\u0107 ADO\/WADO udzielanie pomocy, zapobieganie oszustwom i ich wykrywanie oraz aby umo\u017cliwi\u0107 realizacj\u0119 obowi\u0105zk\u00f3w wynikaj\u0105cych z przepis\u00f3w prawa;<br>\u2022 \u015bwiadczenia pomocy Klientom, w tym: kierowania zapyta\u0144 do odpowiednich pracownik\u00f3w z dzia\u0142u obs\u0142ugi, sprawdzania i rozwi\u0105zywania problem\u00f3w u\u017cytkownik\u00f3w, nadzorowania i ulepszania odpowiedzi i proces\u00f3w obs\u0142ugi Klienta;<br>\u2022 prowadzenia dzia\u0142a\u0144 marketingowych i innych, w szczeg\u00f3lno\u015bci wysy\u0142ania wiadomo\u015bci, w tym wiadomo\u015bci push-up.<br>Dane osobowe nie b\u0119d\u0105 wykorzystywane do zautomatyzowanego podejmowania decyzji wzgl\u0119dem Pani\/Pana, w tym do profilowania.<br><br>Rodzaje gromadzonych i przetwarzanych danych:<br>ADO gromadzi i przetwarza dane dla cel\u00f3w wskazanych powy\u017cej, a w szczeg\u00f3lno\u015bci s\u0105 to: imi\u0119 i nazwisko, adres e-mail, numer telefonu, login i has\u0142o, adres, zdj\u0119cie profilowe, dane p\u0142atno\u015bci lub bankowe (w tym powi\u0105zane dane dotycz\u0105ce weryfikacji p\u0142atno\u015bci), prawo jazdy i inne dokumenty to\u017csamo\u015bci wydane przez organ administracji pa\u0144stwowej (kt\u00f3re mog\u0105 zawiera\u0107 numery dokument\u00f3w, dat\u0119 urodzenia, p\u0142e\u0107 i zdj\u0119cie), informacje o poje\u017adzie lub ubezpieczeniu, dane kontaktowe w sytuacji awaryjnej, dowody potwierdzaj\u0105ce stan zdrowia i zdolno\u015b\u0107 do \u015bwiadczenia us\u0142ug, w tym badania lekarskie i psychotechniczne oraz za\u015bwiadczenie o niekaralno\u015bci, p\u0142e\u0107, zaw\u00f3d.<br><br>Odbiorcy danych lub kategorie odbiorc\u00f3w danych<br>Pani\/Pana dane osobowe mog\u0105 by\u0107 przekazywane osobom lub podmiotom upowa\u017cnionym przez ADO, podmiotom \u015bwiadcz\u0105cym na rzecz ADO us\u0142ugi, w tym us\u0142ugi techniczne i organizacyjne, us\u0142ugi w zakresie prowadzenia poczty elektronicznej, partnerom biznesowym ADO w celu realizacji umowy zawartej z Klientem ADO, podmiotom powi\u0105zanym z ADO w celu realizacji umowy zawartej z Klientem ADO, a tak\u017ce innym podmiotom\/osobom\/organom ze wzgl\u0119d\u00f3w prawnych lub w przypadku sporu, w szczeg\u00f3lno\u015bci je\u017celi wymagaj\u0105 tego obowi\u0105zuj\u0105ce przepisy prawne lub umowa albo je\u015bli ujawnienie danych jest konieczne z uwagi na bezpiecze\u0144stwo albo dokonywane jest na \u017c\u0105danie uprawnionego.<br>ADO nie zamierza przekazywa\u0107 danych osobowych do pa\u0144stwa trzeciego\/organizacji mi\u0119dzynarodowej.<br><br>Okres przechowywania danych<br>Dane b\u0119d\u0105 przetwarzane przez okres niezb\u0119dny dla realizacji cel\u00f3w ich przetwarzania lub dla niekt\u00f3rych kategorii danych \u2013 przez okres wskazany w obowi\u0105zuj\u0105cych przepisach prawa.<br><br>Prawa podmiot\u00f3w danych<br>Przys\u0142uguje Pani\/Panu prawo \u017c\u0105dania sprostowania tre\u015bci swoich danych osobowych.<br>W przypadkach okre\u015blonych przepisami prawa, w tym je\u017celi nie narusza to obowi\u0105zku zachowania tajemnicy zawodowej, przys\u0142uguje Pani\/Panu prawo \u017c\u0105dania dost\u0119pu do tre\u015bci swoich danych osobowych, \u017c\u0105dania ograniczenia przetwarzania danych osobowych oraz prawo wniesienia sprzeciwu wobec przetwarzania danych osobowych.<br>W przypadkach okre\u015blonych przepisami prawa przys\u0142uguje Pani\/Panu prawo \u017c\u0105dania usuni\u0119cia danych osobowych oraz prawo do przeniesienia danych osobowych.<br>Z uwagi na fakt, \u017ce Pani\/Pana dane osobowe mog\u0105 by\u0107 przetwarzane przez ADO do cel\u00f3w wynikaj\u0105cych z prawnie uzasadnionego interesu ADO, przys\u0142uguje Pani\/Panu prawo do wniesienia sprzeciwu wobec przetwarzania danych osobowych w w\/w celu z przyczyn zwi\u0105zanych z Pani\/Pana szczeg\u00f3ln\u0105 sytuacj\u0105.<br><br>Prawo wniesienia skargi do organu nadzorczego<br>Przys\u0142uguje Pani\/Panu r\u00f3wnie\u017c prawo wniesienia skargi do organu nadzorczego zajmuj\u0105cego si\u0119 ochron\u0105 danych osobowych w pa\u0144stwie cz\u0142onkowskim Pani \/ Pana zwyk\u0142ego pobytu, miejsca pracy lub miejsca pope\u0142nienia domniemanego naruszenia.<br>Biuro Prezesa Urz\u0119du Ochrony Danych Osobowych (PUODO)<br>Adres: Stawki 2, 00-193 Warszawa<br>Telefon: 22 531 03 00<br><br>Informacja o dobrowolno\u015bci lub obowi\u0105zku podania danych<br>Podanie danych osobowych jest dobrowolne, ale niezb\u0119dne do \u015bwiadczenia us\u0142ug lub zawarcia, czy realizacji umowy, lub podejmowania dzia\u0142a\u0144 przed zleceniem \u015bwiadczenia us\u0142ug lub zawarciem umowy. W przypadku niepodania danych, \u015bwiadczenie us\u0142ug, zawarcie i realizacja umowy lub podejmowanie dzia\u0142a\u0144 przed \u015bwiadczeniem us\u0142ug lub zawarciem umowy mo\u017ce by\u0107 niemo\u017cliwe lub utrudnione.<br><br>Niniejsza informacja mo\u017ce ulec aktualizacji. Korzystanie z us\u0142ug ADO po opublikowaniu aktualizacji stanowi akceptacj\u0119 zaktualizowanego komunikatu w zakresie dozwolonym przez prawo.<\/li>\n<\/ol>\n","protected":false},"excerpt":{"rendered":"<p>A. Internet ExplorerB. ChromeC. SafariD. FirefoxE. OperaF. AndroidG. Safari (iOS)H. Windows PhoneI. Blackberry<\/p>\n","protected":false},"author":1,"featured_media":0,"parent":0,"menu_order":0,"comment_status":"closed","ping_status":"closed","template":"","meta":{"footnotes":""},"class_list":["post-48","page","type-page","status-publish","hentry"],"_links":{"self":[{"href":"https:\/\/sprintbrand.pl\/index.php\/wp-json\/wp\/v2\/pages\/48","targetHints":{"allow":["GET"]}}],"collection":[{"href":"https:\/\/sprintbrand.pl\/index.php\/wp-json\/wp\/v2\/pages"}],"about":[{"href":"https:\/\/sprintbrand.pl\/index.php\/wp-json\/wp\/v2\/types\/page"}],"author":[{"embeddable":true,"href":"https:\/\/sprintbrand.pl\/index.php\/wp-json\/wp\/v2\/users\/1"}],"replies":[{"embeddable":true,"href":"https:\/\/sprintbrand.pl\/index.php\/wp-json\/wp\/v2\/comments?post=48"}],"version-history":[{"count":3,"href":"https:\/\/sprintbrand.pl\/index.php\/wp-json\/wp\/v2\/pages\/48\/revisions"}],"predecessor-version":[{"id":1815,"href":"https:\/\/sprintbrand.pl\/index.php\/wp-json\/wp\/v2\/pages\/48\/revisions\/1815"}],"wp:attachment":[{"href":"https:\/\/sprintbrand.pl\/index.php\/wp-json\/wp\/v2\/media?parent=48"}],"curies":[{"name":"wp","href":"https:\/\/api.w.org\/{rel}","templated":true}]}}